{"id":1820,"date":"2020-04-03T11:48:59","date_gmt":"2020-04-03T09:48:59","guid":{"rendered":"https:\/\/www.davincigoldcoin.com\/goldcoin\/?post_type=product&#038;p=1820"},"modified":"2024-04-23T12:24:43","modified_gmt":"2024-04-23T10:24:43","slug":"lingot-dor-de-1-kg","status":"publish","type":"product","link":"https:\/\/www.davincigoldcoin.com\/goldcoin\/gold\/lingot-dor-de-1-kg\/","title":{"rendered":"Lingot d&#8217;or de 1 Kg"},"content":{"rendered":"<p>CARACT\u00c9RISTIQUES<\/p>\n<table width=\"317\">\n<tbody>\n<tr>\n<td>Produit<\/td>\n<td><strong>Lingot<\/strong><\/td>\n<td><\/td>\n<\/tr>\n<tr>\n<td>Titre<\/td>\n<td>or pur 999,9\u2030<\/td>\n<\/tr>\n<tr>\n<td>Origine<\/td>\n<td>Suisse<\/td>\n<\/tr>\n<tr>\n<td>Or fin<\/td>\n<td>31,1034 gr.<\/td>\n<\/tr>\n<tr>\n<td>Poids<\/td>\n<td>1000 g.<\/td>\n<\/tr>\n<tr>\n<td>Dont or<\/td>\n<td>1000 g.<\/td>\n<\/tr>\n<tr>\n<td>Particularit\u00e9<\/td>\n<td>115 x 50 x 10mm<\/td>\n<\/tr>\n<tr>\n<td>Garde en coffre<\/td>\n<td>Suisse*<\/td>\n<\/tr>\n<tr>\n<td><\/td>\n<td><\/td>\n<\/tr>\n<tr>\n<td><\/td>\n<td><\/td>\n<td><\/td>\n<\/tr>\n<tr>\n<td><\/td>\n<td><\/td>\n<\/tr>\n<\/tbody>\n<\/table>\n<p>*Possibilit\u00e9 de garde en coffre chez notre partenaire de confiance Brink&#8217;s Zurich.<\/p>\n","protected":false},"excerpt":{"rendered":"<p>Le lingot d\u2019or est un bloc m\u00e9tallique utilis\u00e9 dans le cadre de la cotation boursi\u00e8re. Son titre doit \u00eatre au moins de 995 milli\u00e8mes.<br \/>\nIl porte le cachet d\u2019un fondeur reconnu mondialement.<\/p>\n<p><strong>Le lingot de 1 Kg est fourni avec son certificat d\u2019authenticit\u00e9.<\/strong><\/p>\n<p>Vous pouvez choisir pour la garde en coffre chez notre partenaire de confiance Brink\u2019s Zurich.<span style=\"color: #ff9900;\">*<\/span><\/p>\n<p><span style=\"color: #ff9900;\">*<\/span>A pr\u00e9ciser lors de la commande.<\/p>\n<p>&nbsp;<\/p>\n","protected":false},"featured_media":1822,"template":"","meta":{"_monsterinsights_skip_tracking":false,"_monsterinsights_sitenote_active":false,"_monsterinsights_sitenote_note":"","_monsterinsights_sitenote_category":0,"kt_blocks_editor_width":""},"product_cat":[28],"product_tag":[30],"_links":{"self":[{"href":"https:\/\/www.davincigoldcoin.com\/goldcoin\/wp-json\/wp\/v2\/product\/1820"}],"collection":[{"href":"https:\/\/www.davincigoldcoin.com\/goldcoin\/wp-json\/wp\/v2\/product"}],"about":[{"href":"https:\/\/www.davincigoldcoin.com\/goldcoin\/wp-json\/wp\/v2\/types\/product"}],"wp:featuredmedia":[{"embeddable":true,"href":"https:\/\/www.davincigoldcoin.com\/goldcoin\/wp-json\/wp\/v2\/media\/1822"}],"wp:attachment":[{"href":"https:\/\/www.davincigoldcoin.com\/goldcoin\/wp-json\/wp\/v2\/media?parent=1820"}],"wp:term":[{"taxonomy":"product_cat","embeddable":true,"href":"https:\/\/www.davincigoldcoin.com\/goldcoin\/wp-json\/wp\/v2\/product_cat?post=1820"},{"taxonomy":"product_tag","embeddable":true,"href":"https:\/\/www.davincigoldcoin.com\/goldcoin\/wp-json\/wp\/v2\/product_tag?post=1820"}],"curies":[{"name":"wp","href":"https:\/\/api.w.org\/{rel}","templated":true}]}}